{"id":1413,"date":"2020-03-27T20:29:32","date_gmt":"2020-03-27T19:29:32","guid":{"rendered":"http:\/\/ensembletraversees.com\/the-musicians\/philippe-bezkorowajny\/"},"modified":"2025-11-18T13:59:46","modified_gmt":"2025-11-18T12:59:46","slug":"philippe-bezkorowajny","status":"publish","type":"page","link":"https:\/\/ensembletraversees.com\/en\/the-musicians\/philippe-bezkorowajny\/","title":{"rendered":"Philippe Bezkorowajny"},"content":{"rendered":"\t\t<div data-elementor-type=\"wp-page\" data-elementor-id=\"1413\" class=\"elementor elementor-1413 elementor-510\" data-elementor-settings=\"[]\">\n\t\t\t\t\t\t<div class=\"elementor-inner\">\n\t\t\t\t\t\t\t<div class=\"elementor-section-wrap\">\n\t\t\t\t\t\t\t<section class=\"elementor-section elementor-top-section elementor-element elementor-element-124259f2 elementor-section-height-min-height elementor-section-boxed elementor-section-height-default elementor-section-items-middle\" data-id=\"124259f2\" data-element_type=\"section\" data-settings=\"{&quot;background_background&quot;:&quot;gradient&quot;,&quot;shape_divider_bottom&quot;:&quot;waves&quot;}\">\n\t\t\t\t\t\t\t<div class=\"elementor-background-overlay\"><\/div>\n\t\t\t\t\t\t<div class=\"elementor-shape elementor-shape-bottom\" data-negative=\"false\">\n\t\t\t<svg xmlns=\"http:\/\/www.w3.org\/2000\/svg\" viewBox=\"0 0 1000 100\" preserveAspectRatio=\"none\">\n\t<path class=\"elementor-shape-fill\" d=\"M421.9,6.5c22.6-2.5,51.5,0.4,75.5,5.3c23.6,4.9,70.9,23.5,100.5,35.7c75.8,32.2,133.7,44.5,192.6,49.7\n\tc23.6,2.1,48.7,3.5,103.4-2.5c54.7-6,106.2-25.6,106.2-25.6V0H0v30.3c0,0,72,32.6,158.4,30.5c39.2-0.7,92.8-6.7,134-22.4\n\tc21.2-8.1,52.2-18.2,79.7-24.2C399.3,7.9,411.6,7.5,421.9,6.5z\"\/>\n<\/svg>\t\t<\/div>\n\t\t\t\t\t<div class=\"elementor-container elementor-column-gap-default\">\n\t\t\t\t\t\t\t<div class=\"elementor-row\">\n\t\t\t\t\t<div class=\"elementor-column elementor-col-100 elementor-top-column elementor-element elementor-element-17db9da4\" data-id=\"17db9da4\" data-element_type=\"column\">\n\t\t\t<div class=\"elementor-column-wrap\">\n\t\t\t\t\t\t\t<div class=\"elementor-widget-wrap\">\n\t\t\t\t\t\t\t\t<\/div>\n\t\t\t\t\t<\/div>\n\t\t<\/div>\n\t\t\t\t\t\t\t\t<\/div>\n\t\t\t\t\t<\/div>\n\t\t<\/section>\n\t\t\t\t<section class=\"elementor-section elementor-top-section elementor-element elementor-element-1018c6f elementor-section-boxed elementor-section-height-default elementor-section-height-default\" data-id=\"1018c6f\" data-element_type=\"section\">\n\t\t\t\t\t\t<div class=\"elementor-container elementor-column-gap-wider\">\n\t\t\t\t\t\t\t<div class=\"elementor-row\">\n\t\t\t\t\t<div class=\"elementor-column elementor-col-100 elementor-top-column elementor-element elementor-element-0347ed8\" data-id=\"0347ed8\" data-element_type=\"column\">\n\t\t\t<div class=\"elementor-column-wrap elementor-element-populated\">\n\t\t\t\t\t\t\t<div class=\"elementor-widget-wrap\">\n\t\t\t\t\t\t<div class=\"elementor-element elementor-element-6a26dab elementor-widget elementor-widget-text-editor\" data-id=\"6a26dab\" data-element_type=\"widget\" data-widget_type=\"text-editor.default\">\n\t\t\t\t<div class=\"elementor-widget-container\">\n\t\t\t\t\t\t\t\t<div class=\"elementor-text-editor elementor-clearfix\">\n\t\t\t\t\t<p><img loading=\"lazy\" decoding=\"async\" class=\"alignleft\" src=\"https:\/\/ensembletraversees.com\/wp-content\/uploads\/2025\/11\/Philippe-Bezkorowajny.jpg\" alt=\"\" width=\"350\" height=\"350\"><span style=\"color: #69c7cf;\"><strong>Philippe Bezkorowajny <\/strong><\/span>was born in Bordeaux, France, in 1972. He started learning music with piano lessons at the School of Music of Cenon, going on to graduate from the Bordeaux Conservatoire. He later studied organ with Michel Reverdy (titular organist of the Dom Bedos organ at the medieval Abbey of Sainte-Croix in Bordeaux until his death in 2006). He holds a master\u2019s degree in Musicology and a postgraduate Performance Arts diploma from the University of Bordeaux.&nbsp;<\/p>\n<p>Philippe has been the titular organist of Sainte-Marie de la Bastide in Bordeaux since 1999. He was additionally appointed alternate titular of the historic organ of the Abbey of Sainte-Croix in 2007, after assuming alone the interim of the position for over a year. Since 2016, he is also titular organist at the Saint-Romain church of Cenon and alternate titular at Saint-Pierre of Bordeaux.<\/p>\n<p>A leading musical figure in South West France, Philippe created in 1999 the Association pour le D\u00e9veloppement de l\u2019Orgue en Aquitaine (A.D.O.R.A.), of which he is currently president. He is also the director of the Th\u00e9\u00e2tre des Deux Rivi\u00e8res theater and was at the head of the Association des Amis de l\u2019Orgue d\u2019Arcachon from 2015 to 2018. He authored two books, on \u201cNineteenth Century Organ Builders\u201d and \u201cThe Organs of Bordeaux\u201d, published in 2003 and 2018. He has been teaching piano, organ and harmony at the School of Music of Coutras since 2001.<\/p>\t\t\t\t\t<\/div>\n\t\t\t\t\t\t<\/div>\n\t\t\t\t<\/div>\n\t\t\t\t\t\t<\/div>\n\t\t\t\t\t<\/div>\n\t\t<\/div>\n\t\t\t\t\t\t\t\t<\/div>\n\t\t\t\t\t<\/div>\n\t\t<\/section>\n\t\t\t\t\t\t<\/div>\n\t\t\t\t\t\t<\/div>\n\t\t\t\t\t<\/div>\n\t\t","protected":false},"excerpt":{"rendered":"<p>Philippe Bezkorowajny was born in Bordeaux, France, in 1972. He started learning music with piano lessons at the School of Music of Cenon, going on to graduate from the Bordeaux Conservatoire. He later studied organ with Michel Reverdy (titular organist of the Dom Bedos organ at the medieval Abbey of Sainte-Croix in Bordeaux until his [&hellip;]<\/p>\n","protected":false},"author":1,"featured_media":0,"parent":1287,"menu_order":0,"comment_status":"closed","ping_status":"closed","template":"","meta":{"ocean_post_layout":"full-screen","ocean_both_sidebars_style":"","ocean_both_sidebars_content_width":0,"ocean_both_sidebars_sidebars_width":0,"ocean_sidebar":"0","ocean_second_sidebar":"0","ocean_disable_margins":"on","ocean_add_body_class":"","ocean_shortcode_before_top_bar":"","ocean_shortcode_after_top_bar":"","ocean_shortcode_before_header":"","ocean_shortcode_after_header":"","ocean_has_shortcode":"","ocean_shortcode_after_title":"","ocean_shortcode_before_footer_widgets":"","ocean_shortcode_after_footer_widgets":"","ocean_shortcode_before_footer_bottom":"","ocean_shortcode_after_footer_bottom":"","ocean_display_top_bar":"off","ocean_display_header":"default","ocean_header_style":"","ocean_center_header_left_menu":"0","ocean_custom_header_template":"0","ocean_custom_logo":0,"ocean_custom_retina_logo":0,"ocean_custom_logo_max_width":0,"ocean_custom_logo_tablet_max_width":0,"ocean_custom_logo_mobile_max_width":0,"ocean_custom_logo_max_height":0,"ocean_custom_logo_tablet_max_height":0,"ocean_custom_logo_mobile_max_height":0,"ocean_header_custom_menu":"0","ocean_menu_typo_font_family":"0","ocean_menu_typo_font_subset":"","ocean_menu_typo_font_size":0,"ocean_menu_typo_font_size_tablet":0,"ocean_menu_typo_font_size_mobile":0,"ocean_menu_typo_font_size_unit":"px","ocean_menu_typo_font_weight":"","ocean_menu_typo_font_weight_tablet":"","ocean_menu_typo_font_weight_mobile":"","ocean_menu_typo_transform":"","ocean_menu_typo_transform_tablet":"","ocean_menu_typo_transform_mobile":"","ocean_menu_typo_line_height":0,"ocean_menu_typo_line_height_tablet":0,"ocean_menu_typo_line_height_mobile":0,"ocean_menu_typo_line_height_unit":"","ocean_menu_typo_spacing":0,"ocean_menu_typo_spacing_tablet":0,"ocean_menu_typo_spacing_mobile":0,"ocean_menu_typo_spacing_unit":"","ocean_menu_link_color":"","ocean_menu_link_color_hover":"","ocean_menu_link_color_active":"","ocean_menu_link_background":"","ocean_menu_link_hover_background":"","ocean_menu_link_active_background":"","ocean_menu_social_links_bg":"","ocean_menu_social_hover_links_bg":"","ocean_menu_social_links_color":"","ocean_menu_social_hover_links_color":"","ocean_disable_title":"on","ocean_disable_heading":"default","ocean_post_title":"","ocean_post_subheading":"","ocean_post_title_style":"","ocean_post_title_background_color":"","ocean_post_title_background":0,"ocean_post_title_bg_image_position":"","ocean_post_title_bg_image_attachment":"","ocean_post_title_bg_image_repeat":"","ocean_post_title_bg_image_size":"","ocean_post_title_height":0,"ocean_post_title_bg_overlay":0.5,"ocean_post_title_bg_overlay_color":"","ocean_disable_breadcrumbs":"default","ocean_breadcrumbs_color":"","ocean_breadcrumbs_separator_color":"","ocean_breadcrumbs_links_color":"","ocean_breadcrumbs_links_hover_color":"","ocean_display_footer_widgets":"off","ocean_display_footer_bottom":"default","ocean_custom_footer_template":"0","footnotes":""},"class_list":["post-1413","page","type-page","status-publish","hentry","entry"],"yoast_head":"<!-- This site is optimized with the Yoast SEO plugin v23.4 - https:\/\/yoast.com\/wordpress\/plugins\/seo\/ -->\n<title>Ensemble Travers\u00e9es - Philippe Bezkorowajny, organ<\/title>\n<meta name=\"description\" content=\"Philippe Bezkorowajny, organist at Sainte Marie Bastide and Sainte Croix in Bordeaux, is a leading figure of the organ in France. President of the Association of the Developpment of Organ in Aquitaine, he authored several book on his instrument.\" \/>\n<meta name=\"robots\" content=\"index, follow, max-snippet:-1, max-image-preview:large, max-video-preview:-1\" \/>\n<link rel=\"canonical\" href=\"https:\/\/ensembletraversees.com\/en\/the-musicians\/philippe-bezkorowajny\/\" \/>\n<meta property=\"og:locale\" content=\"en_US\" \/>\n<meta property=\"og:type\" content=\"article\" \/>\n<meta property=\"og:title\" content=\"Ensemble Travers\u00e9es - Philippe Bezkorowajny, organ\" \/>\n<meta property=\"og:description\" content=\"Philippe Bezkorowajny, organist at Sainte Marie Bastide and Sainte Croix in Bordeaux, is a leading figure of the organ in France. President of the Association of the Developpment of Organ in Aquitaine, he authored several book on his instrument.\" \/>\n<meta property=\"og:url\" content=\"https:\/\/ensembletraversees.com\/en\/the-musicians\/philippe-bezkorowajny\/\" \/>\n<meta property=\"article:publisher\" content=\"https:\/\/www.facebook.com\/Harpkanun\/\" \/>\n<meta property=\"article:modified_time\" content=\"2025-11-18T12:59:46+00:00\" \/>\n<meta property=\"og:image\" content=\"https:\/\/ensembletraversees.com\/wp-content\/uploads\/2025\/11\/Philippe-Bezkorowajny.jpg\" \/>\n<meta name=\"twitter:card\" content=\"summary_large_image\" \/>\n<meta name=\"twitter:label1\" content=\"Est. reading time\" \/>\n\t<meta name=\"twitter:data1\" content=\"2 minutes\" \/>\n<script type=\"application\/ld+json\" class=\"yoast-schema-graph\">{\"@context\":\"https:\/\/schema.org\",\"@graph\":[{\"@type\":\"WebPage\",\"@id\":\"https:\/\/ensembletraversees.com\/en\/the-musicians\/philippe-bezkorowajny\/\",\"url\":\"https:\/\/ensembletraversees.com\/en\/the-musicians\/philippe-bezkorowajny\/\",\"name\":\"Ensemble Travers\u00e9es - Philippe Bezkorowajny, organ\",\"isPartOf\":{\"@id\":\"https:\/\/ensembletraversees.com\/en\/#website\"},\"primaryImageOfPage\":{\"@id\":\"https:\/\/ensembletraversees.com\/en\/the-musicians\/philippe-bezkorowajny\/#primaryimage\"},\"image\":{\"@id\":\"https:\/\/ensembletraversees.com\/en\/the-musicians\/philippe-bezkorowajny\/#primaryimage\"},\"thumbnailUrl\":\"https:\/\/ensembletraversees.com\/wp-content\/uploads\/2025\/11\/Philippe-Bezkorowajny.jpg\",\"datePublished\":\"2020-03-27T19:29:32+00:00\",\"dateModified\":\"2025-11-18T12:59:46+00:00\",\"description\":\"Philippe Bezkorowajny, organist at Sainte Marie Bastide and Sainte Croix in Bordeaux, is a leading figure of the organ in France. President of the Association of the Developpment of Organ in Aquitaine, he authored several book on his instrument.\",\"breadcrumb\":{\"@id\":\"https:\/\/ensembletraversees.com\/en\/the-musicians\/philippe-bezkorowajny\/#breadcrumb\"},\"inLanguage\":\"en-US\",\"potentialAction\":[{\"@type\":\"ReadAction\",\"target\":[\"https:\/\/ensembletraversees.com\/en\/the-musicians\/philippe-bezkorowajny\/\"]}]},{\"@type\":\"ImageObject\",\"inLanguage\":\"en-US\",\"@id\":\"https:\/\/ensembletraversees.com\/en\/the-musicians\/philippe-bezkorowajny\/#primaryimage\",\"url\":\"https:\/\/ensembletraversees.com\/wp-content\/uploads\/2025\/11\/Philippe-Bezkorowajny.jpg\",\"contentUrl\":\"https:\/\/ensembletraversees.com\/wp-content\/uploads\/2025\/11\/Philippe-Bezkorowajny.jpg\"},{\"@type\":\"BreadcrumbList\",\"@id\":\"https:\/\/ensembletraversees.com\/en\/the-musicians\/philippe-bezkorowajny\/#breadcrumb\",\"itemListElement\":[{\"@type\":\"ListItem\",\"position\":1,\"name\":\"Accueil\",\"item\":\"https:\/\/ensembletraversees.com\/en\/\"},{\"@type\":\"ListItem\",\"position\":2,\"name\":\"The Musicians\",\"item\":\"https:\/\/ensembletraversees.com\/en\/les-musiciens\/\"},{\"@type\":\"ListItem\",\"position\":3,\"name\":\"Philippe Bezkorowajny\"}]},{\"@type\":\"WebSite\",\"@id\":\"https:\/\/ensembletraversees.com\/en\/#website\",\"url\":\"https:\/\/ensembletraversees.com\/en\/\",\"name\":\"\",\"description\":\"\",\"potentialAction\":[{\"@type\":\"SearchAction\",\"target\":{\"@type\":\"EntryPoint\",\"urlTemplate\":\"https:\/\/ensembletraversees.com\/en\/?s={search_term_string}\"},\"query-input\":{\"@type\":\"PropertyValueSpecification\",\"valueRequired\":true,\"valueName\":\"search_term_string\"}}],\"inLanguage\":\"en-US\"}]}<\/script>\n<!-- \/ Yoast SEO plugin. -->","yoast_head_json":{"title":"Ensemble Travers\u00e9es - Philippe Bezkorowajny, organ","description":"Philippe Bezkorowajny, organist at Sainte Marie Bastide and Sainte Croix in Bordeaux, is a leading figure of the organ in France. President of the Association of the Developpment of Organ in Aquitaine, he authored several book on his instrument.","robots":{"index":"index","follow":"follow","max-snippet":"max-snippet:-1","max-image-preview":"max-image-preview:large","max-video-preview":"max-video-preview:-1"},"canonical":"https:\/\/ensembletraversees.com\/en\/the-musicians\/philippe-bezkorowajny\/","og_locale":"en_US","og_type":"article","og_title":"Ensemble Travers\u00e9es - Philippe Bezkorowajny, organ","og_description":"Philippe Bezkorowajny, organist at Sainte Marie Bastide and Sainte Croix in Bordeaux, is a leading figure of the organ in France. President of the Association of the Developpment of Organ in Aquitaine, he authored several book on his instrument.","og_url":"https:\/\/ensembletraversees.com\/en\/the-musicians\/philippe-bezkorowajny\/","article_publisher":"https:\/\/www.facebook.com\/Harpkanun\/","article_modified_time":"2025-11-18T12:59:46+00:00","og_image":[{"url":"https:\/\/ensembletraversees.com\/wp-content\/uploads\/2025\/11\/Philippe-Bezkorowajny.jpg"}],"twitter_card":"summary_large_image","twitter_misc":{"Est. reading time":"2 minutes"},"schema":{"@context":"https:\/\/schema.org","@graph":[{"@type":"WebPage","@id":"https:\/\/ensembletraversees.com\/en\/the-musicians\/philippe-bezkorowajny\/","url":"https:\/\/ensembletraversees.com\/en\/the-musicians\/philippe-bezkorowajny\/","name":"Ensemble Travers\u00e9es - Philippe Bezkorowajny, organ","isPartOf":{"@id":"https:\/\/ensembletraversees.com\/en\/#website"},"primaryImageOfPage":{"@id":"https:\/\/ensembletraversees.com\/en\/the-musicians\/philippe-bezkorowajny\/#primaryimage"},"image":{"@id":"https:\/\/ensembletraversees.com\/en\/the-musicians\/philippe-bezkorowajny\/#primaryimage"},"thumbnailUrl":"https:\/\/ensembletraversees.com\/wp-content\/uploads\/2025\/11\/Philippe-Bezkorowajny.jpg","datePublished":"2020-03-27T19:29:32+00:00","dateModified":"2025-11-18T12:59:46+00:00","description":"Philippe Bezkorowajny, organist at Sainte Marie Bastide and Sainte Croix in Bordeaux, is a leading figure of the organ in France. President of the Association of the Developpment of Organ in Aquitaine, he authored several book on his instrument.","breadcrumb":{"@id":"https:\/\/ensembletraversees.com\/en\/the-musicians\/philippe-bezkorowajny\/#breadcrumb"},"inLanguage":"en-US","potentialAction":[{"@type":"ReadAction","target":["https:\/\/ensembletraversees.com\/en\/the-musicians\/philippe-bezkorowajny\/"]}]},{"@type":"ImageObject","inLanguage":"en-US","@id":"https:\/\/ensembletraversees.com\/en\/the-musicians\/philippe-bezkorowajny\/#primaryimage","url":"https:\/\/ensembletraversees.com\/wp-content\/uploads\/2025\/11\/Philippe-Bezkorowajny.jpg","contentUrl":"https:\/\/ensembletraversees.com\/wp-content\/uploads\/2025\/11\/Philippe-Bezkorowajny.jpg"},{"@type":"BreadcrumbList","@id":"https:\/\/ensembletraversees.com\/en\/the-musicians\/philippe-bezkorowajny\/#breadcrumb","itemListElement":[{"@type":"ListItem","position":1,"name":"Accueil","item":"https:\/\/ensembletraversees.com\/en\/"},{"@type":"ListItem","position":2,"name":"The Musicians","item":"https:\/\/ensembletraversees.com\/en\/les-musiciens\/"},{"@type":"ListItem","position":3,"name":"Philippe Bezkorowajny"}]},{"@type":"WebSite","@id":"https:\/\/ensembletraversees.com\/en\/#website","url":"https:\/\/ensembletraversees.com\/en\/","name":"","description":"","potentialAction":[{"@type":"SearchAction","target":{"@type":"EntryPoint","urlTemplate":"https:\/\/ensembletraversees.com\/en\/?s={search_term_string}"},"query-input":{"@type":"PropertyValueSpecification","valueRequired":true,"valueName":"search_term_string"}}],"inLanguage":"en-US"}]}},"_links":{"self":[{"href":"https:\/\/ensembletraversees.com\/en\/wp-json\/wp\/v2\/pages\/1413"}],"collection":[{"href":"https:\/\/ensembletraversees.com\/en\/wp-json\/wp\/v2\/pages"}],"about":[{"href":"https:\/\/ensembletraversees.com\/en\/wp-json\/wp\/v2\/types\/page"}],"author":[{"embeddable":true,"href":"https:\/\/ensembletraversees.com\/en\/wp-json\/wp\/v2\/users\/1"}],"replies":[{"embeddable":true,"href":"https:\/\/ensembletraversees.com\/en\/wp-json\/wp\/v2\/comments?post=1413"}],"version-history":[{"count":20,"href":"https:\/\/ensembletraversees.com\/en\/wp-json\/wp\/v2\/pages\/1413\/revisions"}],"predecessor-version":[{"id":7636,"href":"https:\/\/ensembletraversees.com\/en\/wp-json\/wp\/v2\/pages\/1413\/revisions\/7636"}],"up":[{"embeddable":true,"href":"https:\/\/ensembletraversees.com\/en\/wp-json\/wp\/v2\/pages\/1287"}],"wp:attachment":[{"href":"https:\/\/ensembletraversees.com\/en\/wp-json\/wp\/v2\/media?parent=1413"}],"curies":[{"name":"wp","href":"https:\/\/api.w.org\/{rel}","templated":true}]}}