{"id":1409,"date":"2020-03-27T20:28:59","date_gmt":"2020-03-27T19:28:59","guid":{"rendered":"http:\/\/ensembletraversees.com\/the-musicians\/myriam-darme\/"},"modified":"2024-09-30T03:55:35","modified_gmt":"2024-09-30T01:55:35","slug":"myriam-darme","status":"publish","type":"page","link":"https:\/\/ensembletraversees.com\/en\/the-musicians\/myriam-darme\/","title":{"rendered":"Myriam Darm\u00e9"},"content":{"rendered":"\t\t<div data-elementor-type=\"wp-page\" data-elementor-id=\"1409\" class=\"elementor elementor-1409 elementor-490\" data-elementor-settings=\"[]\">\n\t\t\t\t\t\t<div class=\"elementor-inner\">\n\t\t\t\t\t\t\t<div class=\"elementor-section-wrap\">\n\t\t\t\t\t\t\t<section class=\"elementor-section elementor-top-section elementor-element elementor-element-124259f2 elementor-section-height-min-height elementor-section-boxed elementor-section-height-default elementor-section-items-middle\" data-id=\"124259f2\" data-element_type=\"section\" data-settings=\"{&quot;background_background&quot;:&quot;gradient&quot;,&quot;shape_divider_bottom&quot;:&quot;waves&quot;}\">\n\t\t\t\t\t\t\t<div class=\"elementor-background-overlay\"><\/div>\n\t\t\t\t\t\t<div class=\"elementor-shape elementor-shape-bottom\" data-negative=\"false\">\n\t\t\t<svg xmlns=\"http:\/\/www.w3.org\/2000\/svg\" viewBox=\"0 0 1000 100\" preserveAspectRatio=\"none\">\n\t<path class=\"elementor-shape-fill\" d=\"M421.9,6.5c22.6-2.5,51.5,0.4,75.5,5.3c23.6,4.9,70.9,23.5,100.5,35.7c75.8,32.2,133.7,44.5,192.6,49.7\n\tc23.6,2.1,48.7,3.5,103.4-2.5c54.7-6,106.2-25.6,106.2-25.6V0H0v30.3c0,0,72,32.6,158.4,30.5c39.2-0.7,92.8-6.7,134-22.4\n\tc21.2-8.1,52.2-18.2,79.7-24.2C399.3,7.9,411.6,7.5,421.9,6.5z\"\/>\n<\/svg>\t\t<\/div>\n\t\t\t\t\t<div class=\"elementor-container elementor-column-gap-default\">\n\t\t\t\t\t\t\t<div class=\"elementor-row\">\n\t\t\t\t\t<div class=\"elementor-column elementor-col-100 elementor-top-column elementor-element elementor-element-17db9da4\" data-id=\"17db9da4\" data-element_type=\"column\">\n\t\t\t<div class=\"elementor-column-wrap\">\n\t\t\t\t\t\t\t<div class=\"elementor-widget-wrap\">\n\t\t\t\t\t\t\t\t<\/div>\n\t\t\t\t\t<\/div>\n\t\t<\/div>\n\t\t\t\t\t\t\t\t<\/div>\n\t\t\t\t\t<\/div>\n\t\t<\/section>\n\t\t\t\t<section class=\"elementor-section elementor-top-section elementor-element elementor-element-6c6ff09 elementor-section-boxed elementor-section-height-default elementor-section-height-default\" data-id=\"6c6ff09\" data-element_type=\"section\">\n\t\t\t\t\t\t<div class=\"elementor-container elementor-column-gap-wider\">\n\t\t\t\t\t\t\t<div class=\"elementor-row\">\n\t\t\t\t\t<div class=\"elementor-column elementor-col-100 elementor-top-column elementor-element elementor-element-9da1f85\" data-id=\"9da1f85\" data-element_type=\"column\">\n\t\t\t<div class=\"elementor-column-wrap elementor-element-populated\">\n\t\t\t\t\t\t\t<div class=\"elementor-widget-wrap\">\n\t\t\t\t\t\t<div class=\"elementor-element elementor-element-2925e5b elementor-widget elementor-widget-text-editor\" data-id=\"2925e5b\" data-element_type=\"widget\" data-widget_type=\"text-editor.default\">\n\t\t\t\t<div class=\"elementor-widget-container\">\n\t\t\t\t\t\t\t\t<div class=\"elementor-text-editor elementor-clearfix\">\n\t\t\t\t\t<p><img loading=\"lazy\" decoding=\"async\" class=\"alignleft wp-image-6492\" src=\"https:\/\/ensembletraversees.com\/wp-content\/uploads\/2024\/09\/Myriam-Darme-300x300.jpg\" alt=\"\" width=\"350\" height=\"350\" srcset=\"https:\/\/ensembletraversees.com\/wp-content\/uploads\/2024\/09\/Myriam-Darme-300x300.jpg 300w, https:\/\/ensembletraversees.com\/wp-content\/uploads\/2024\/09\/Myriam-Darme-1024x1024.jpg 1024w, https:\/\/ensembletraversees.com\/wp-content\/uploads\/2024\/09\/Myriam-Darme-150x150.jpg 150w\" sizes=\"(max-width: 350px) 100vw, 350px\" \/><\/p>\n<p><span style=\"font-family: Poppins, sans-serif; font-size: 16.5px; font-style: normal; font-variant-ligatures: normal; font-variant-caps: normal; font-weight: 300; color: #69c7cf;\"><span style=\"font-size: 16.5px; font-weight: 600;\">Myriam Darm\u00e9\u00a0<\/span><\/span><span style=\"font-family: Poppins, sans-serif; font-size: 16.5px; font-style: normal; font-variant-ligatures: normal; font-variant-caps: normal; font-weight: 300;\">is a French flautist, active chamber musician, renowned pedagogue, show producer and author of many publications for her instrument. She began the flute at the Metz Regional Conservatory before continuing her studies at the Conservatory of Epinal, distinguishing herself in competitions. In addition to her Flute Performance degree, she holds a Music Teacher State Diploma (DE Professeur de Fl\u00fbte) as well as Conducting, Arrangement and Music Edition diplomas.<\/p>\n<p>Before choosing to devote herself exclusively to music, she studied to become a state certified midwife and later a family counsellor, working many years in the delivery room and as a therapist. Currently a flute teacher and pedagogical coordinator at several music schools in Gironde, she has over two decades of experience teaching music. She has also created and produced a dozen musical and mixed shows over the course of her career.<\/p>\n<p>Passionate about pedagogy, she is constantly looking for new ways to educate aspiring musicians, by writing didactic works, arranging new pieces to expand her instrument\u2019s repertoire, or developing outreach musical activities. The numerous pieces she penned, spanning from solo flute to chamber music ensembles and orchestra scores, are published by Profs Edition and SMP Press.<\/p>\n<p>Besides the Western concert flute, Myriam regularly performs on an impressive array of 19 traditional flutes from different continents, 8 Western flutes (from bass to piccolo, including historical instruments such as the baroque Traversos) and 5 recorders (from bass to sopranino).<\/p>\n\t\t\t\t\t<\/div>\n\t\t\t\t\t\t<\/div>\n\t\t\t\t<\/div>\n\t\t\t\t\t\t<\/div>\n\t\t\t\t\t<\/div>\n\t\t<\/div>\n\t\t\t\t\t\t\t\t<\/div>\n\t\t\t\t\t<\/div>\n\t\t<\/section>\n\t\t\t\t\t\t<\/div>\n\t\t\t\t\t\t<\/div>\n\t\t\t\t\t<\/div>\n\t\t","protected":false},"excerpt":{"rendered":"<p>Myriam Darm\u00e9\u00a0is a French flautist, active chamber musician, renowned pedagogue, show producer and author of many publications for her instrument. She began the flute at the Metz Regional Conservatory before continuing her studies at the Conservatory of Epinal, distinguishing herself in competitions. In addition to her Flute Performance degree, she holds a Music Teacher State [&hellip;]<\/p>\n","protected":false},"author":1,"featured_media":0,"parent":1287,"menu_order":0,"comment_status":"closed","ping_status":"closed","template":"","meta":{"ocean_post_layout":"full-screen","ocean_both_sidebars_style":"","ocean_both_sidebars_content_width":0,"ocean_both_sidebars_sidebars_width":0,"ocean_sidebar":"0","ocean_second_sidebar":"0","ocean_disable_margins":"on","ocean_add_body_class":"","ocean_shortcode_before_top_bar":"","ocean_shortcode_after_top_bar":"","ocean_shortcode_before_header":"","ocean_shortcode_after_header":"","ocean_has_shortcode":"","ocean_shortcode_after_title":"","ocean_shortcode_before_footer_widgets":"","ocean_shortcode_after_footer_widgets":"","ocean_shortcode_before_footer_bottom":"","ocean_shortcode_after_footer_bottom":"","ocean_display_top_bar":"off","ocean_display_header":"default","ocean_header_style":"","ocean_center_header_left_menu":"0","ocean_custom_header_template":"0","ocean_custom_logo":0,"ocean_custom_retina_logo":0,"ocean_custom_logo_max_width":0,"ocean_custom_logo_tablet_max_width":0,"ocean_custom_logo_mobile_max_width":0,"ocean_custom_logo_max_height":0,"ocean_custom_logo_tablet_max_height":0,"ocean_custom_logo_mobile_max_height":0,"ocean_header_custom_menu":"0","ocean_menu_typo_font_family":"0","ocean_menu_typo_font_subset":"","ocean_menu_typo_font_size":0,"ocean_menu_typo_font_size_tablet":0,"ocean_menu_typo_font_size_mobile":0,"ocean_menu_typo_font_size_unit":"px","ocean_menu_typo_font_weight":"","ocean_menu_typo_font_weight_tablet":"","ocean_menu_typo_font_weight_mobile":"","ocean_menu_typo_transform":"","ocean_menu_typo_transform_tablet":"","ocean_menu_typo_transform_mobile":"","ocean_menu_typo_line_height":0,"ocean_menu_typo_line_height_tablet":0,"ocean_menu_typo_line_height_mobile":0,"ocean_menu_typo_line_height_unit":"","ocean_menu_typo_spacing":0,"ocean_menu_typo_spacing_tablet":0,"ocean_menu_typo_spacing_mobile":0,"ocean_menu_typo_spacing_unit":"","ocean_menu_link_color":"","ocean_menu_link_color_hover":"","ocean_menu_link_color_active":"","ocean_menu_link_background":"","ocean_menu_link_hover_background":"","ocean_menu_link_active_background":"","ocean_menu_social_links_bg":"","ocean_menu_social_hover_links_bg":"","ocean_menu_social_links_color":"","ocean_menu_social_hover_links_color":"","ocean_disable_title":"on","ocean_disable_heading":"default","ocean_post_title":"","ocean_post_subheading":"","ocean_post_title_style":"","ocean_post_title_background_color":"","ocean_post_title_background":0,"ocean_post_title_bg_image_position":"","ocean_post_title_bg_image_attachment":"","ocean_post_title_bg_image_repeat":"","ocean_post_title_bg_image_size":"","ocean_post_title_height":0,"ocean_post_title_bg_overlay":0.5,"ocean_post_title_bg_overlay_color":"","ocean_disable_breadcrumbs":"default","ocean_breadcrumbs_color":"","ocean_breadcrumbs_separator_color":"","ocean_breadcrumbs_links_color":"","ocean_breadcrumbs_links_hover_color":"","ocean_display_footer_widgets":"off","ocean_display_footer_bottom":"default","ocean_custom_footer_template":"0","footnotes":""},"class_list":["post-1409","page","type-page","status-publish","hentry","entry"],"yoast_head":"<!-- This site is optimized with the Yoast SEO plugin v23.4 - https:\/\/yoast.com\/wordpress\/plugins\/seo\/ -->\n<title>Ensemble Travers\u00e9es - Myriam Darm\u00e9, flute<\/title>\n<meta name=\"description\" content=\"French flautist Myriam Darm\u00e9 is a renowned pedagogue, chamber musician and author of many publications for her instrument.\" \/>\n<meta name=\"robots\" content=\"index, follow, max-snippet:-1, max-image-preview:large, max-video-preview:-1\" \/>\n<link rel=\"canonical\" href=\"https:\/\/ensembletraversees.com\/en\/the-musicians\/myriam-darme\/\" \/>\n<meta property=\"og:locale\" content=\"en_US\" \/>\n<meta property=\"og:type\" content=\"article\" \/>\n<meta property=\"og:title\" content=\"Ensemble Travers\u00e9es - Myriam Darm\u00e9, flute\" \/>\n<meta property=\"og:description\" content=\"French flautist Myriam Darm\u00e9 is a renowned pedagogue, chamber musician and author of many publications for her instrument.\" \/>\n<meta property=\"og:url\" content=\"https:\/\/ensembletraversees.com\/en\/the-musicians\/myriam-darme\/\" \/>\n<meta property=\"article:publisher\" content=\"https:\/\/www.facebook.com\/Harpkanun\/\" \/>\n<meta property=\"article:modified_time\" content=\"2024-09-30T01:55:35+00:00\" \/>\n<meta property=\"og:image\" content=\"https:\/\/ensembletraversees.com\/wp-content\/uploads\/2024\/09\/Myriam-Darme-300x300.jpg\" \/>\n<meta name=\"twitter:card\" content=\"summary_large_image\" \/>\n<meta name=\"twitter:label1\" content=\"Est. reading time\" \/>\n\t<meta name=\"twitter:data1\" content=\"2 minutes\" \/>\n<script type=\"application\/ld+json\" class=\"yoast-schema-graph\">{\"@context\":\"https:\/\/schema.org\",\"@graph\":[{\"@type\":\"WebPage\",\"@id\":\"https:\/\/ensembletraversees.com\/en\/the-musicians\/myriam-darme\/\",\"url\":\"https:\/\/ensembletraversees.com\/en\/the-musicians\/myriam-darme\/\",\"name\":\"Ensemble Travers\u00e9es - Myriam Darm\u00e9, flute\",\"isPartOf\":{\"@id\":\"https:\/\/ensembletraversees.com\/en\/#website\"},\"primaryImageOfPage\":{\"@id\":\"https:\/\/ensembletraversees.com\/en\/the-musicians\/myriam-darme\/#primaryimage\"},\"image\":{\"@id\":\"https:\/\/ensembletraversees.com\/en\/the-musicians\/myriam-darme\/#primaryimage\"},\"thumbnailUrl\":\"https:\/\/ensembletraversees.com\/wp-content\/uploads\/2024\/09\/Myriam-Darme-300x300.jpg\",\"datePublished\":\"2020-03-27T19:28:59+00:00\",\"dateModified\":\"2024-09-30T01:55:35+00:00\",\"description\":\"French flautist Myriam Darm\u00e9 is a renowned pedagogue, chamber musician and author of many publications for her instrument.\",\"breadcrumb\":{\"@id\":\"https:\/\/ensembletraversees.com\/en\/the-musicians\/myriam-darme\/#breadcrumb\"},\"inLanguage\":\"en-US\",\"potentialAction\":[{\"@type\":\"ReadAction\",\"target\":[\"https:\/\/ensembletraversees.com\/en\/the-musicians\/myriam-darme\/\"]}]},{\"@type\":\"ImageObject\",\"inLanguage\":\"en-US\",\"@id\":\"https:\/\/ensembletraversees.com\/en\/the-musicians\/myriam-darme\/#primaryimage\",\"url\":\"https:\/\/ensembletraversees.com\/wp-content\/uploads\/2024\/09\/Myriam-Darme-300x300.jpg\",\"contentUrl\":\"https:\/\/ensembletraversees.com\/wp-content\/uploads\/2024\/09\/Myriam-Darme-300x300.jpg\"},{\"@type\":\"BreadcrumbList\",\"@id\":\"https:\/\/ensembletraversees.com\/en\/the-musicians\/myriam-darme\/#breadcrumb\",\"itemListElement\":[{\"@type\":\"ListItem\",\"position\":1,\"name\":\"Accueil\",\"item\":\"https:\/\/ensembletraversees.com\/en\/\"},{\"@type\":\"ListItem\",\"position\":2,\"name\":\"The Musicians\",\"item\":\"https:\/\/ensembletraversees.com\/en\/les-musiciens\/\"},{\"@type\":\"ListItem\",\"position\":3,\"name\":\"Myriam Darm\u00e9\"}]},{\"@type\":\"WebSite\",\"@id\":\"https:\/\/ensembletraversees.com\/en\/#website\",\"url\":\"https:\/\/ensembletraversees.com\/en\/\",\"name\":\"\",\"description\":\"\",\"potentialAction\":[{\"@type\":\"SearchAction\",\"target\":{\"@type\":\"EntryPoint\",\"urlTemplate\":\"https:\/\/ensembletraversees.com\/en\/?s={search_term_string}\"},\"query-input\":{\"@type\":\"PropertyValueSpecification\",\"valueRequired\":true,\"valueName\":\"search_term_string\"}}],\"inLanguage\":\"en-US\"}]}<\/script>\n<!-- \/ Yoast SEO plugin. -->","yoast_head_json":{"title":"Ensemble Travers\u00e9es - Myriam Darm\u00e9, flute","description":"French flautist Myriam Darm\u00e9 is a renowned pedagogue, chamber musician and author of many publications for her instrument.","robots":{"index":"index","follow":"follow","max-snippet":"max-snippet:-1","max-image-preview":"max-image-preview:large","max-video-preview":"max-video-preview:-1"},"canonical":"https:\/\/ensembletraversees.com\/en\/the-musicians\/myriam-darme\/","og_locale":"en_US","og_type":"article","og_title":"Ensemble Travers\u00e9es - Myriam Darm\u00e9, flute","og_description":"French flautist Myriam Darm\u00e9 is a renowned pedagogue, chamber musician and author of many publications for her instrument.","og_url":"https:\/\/ensembletraversees.com\/en\/the-musicians\/myriam-darme\/","article_publisher":"https:\/\/www.facebook.com\/Harpkanun\/","article_modified_time":"2024-09-30T01:55:35+00:00","og_image":[{"url":"https:\/\/ensembletraversees.com\/wp-content\/uploads\/2024\/09\/Myriam-Darme-300x300.jpg"}],"twitter_card":"summary_large_image","twitter_misc":{"Est. reading time":"2 minutes"},"schema":{"@context":"https:\/\/schema.org","@graph":[{"@type":"WebPage","@id":"https:\/\/ensembletraversees.com\/en\/the-musicians\/myriam-darme\/","url":"https:\/\/ensembletraversees.com\/en\/the-musicians\/myriam-darme\/","name":"Ensemble Travers\u00e9es - Myriam Darm\u00e9, flute","isPartOf":{"@id":"https:\/\/ensembletraversees.com\/en\/#website"},"primaryImageOfPage":{"@id":"https:\/\/ensembletraversees.com\/en\/the-musicians\/myriam-darme\/#primaryimage"},"image":{"@id":"https:\/\/ensembletraversees.com\/en\/the-musicians\/myriam-darme\/#primaryimage"},"thumbnailUrl":"https:\/\/ensembletraversees.com\/wp-content\/uploads\/2024\/09\/Myriam-Darme-300x300.jpg","datePublished":"2020-03-27T19:28:59+00:00","dateModified":"2024-09-30T01:55:35+00:00","description":"French flautist Myriam Darm\u00e9 is a renowned pedagogue, chamber musician and author of many publications for her instrument.","breadcrumb":{"@id":"https:\/\/ensembletraversees.com\/en\/the-musicians\/myriam-darme\/#breadcrumb"},"inLanguage":"en-US","potentialAction":[{"@type":"ReadAction","target":["https:\/\/ensembletraversees.com\/en\/the-musicians\/myriam-darme\/"]}]},{"@type":"ImageObject","inLanguage":"en-US","@id":"https:\/\/ensembletraversees.com\/en\/the-musicians\/myriam-darme\/#primaryimage","url":"https:\/\/ensembletraversees.com\/wp-content\/uploads\/2024\/09\/Myriam-Darme-300x300.jpg","contentUrl":"https:\/\/ensembletraversees.com\/wp-content\/uploads\/2024\/09\/Myriam-Darme-300x300.jpg"},{"@type":"BreadcrumbList","@id":"https:\/\/ensembletraversees.com\/en\/the-musicians\/myriam-darme\/#breadcrumb","itemListElement":[{"@type":"ListItem","position":1,"name":"Accueil","item":"https:\/\/ensembletraversees.com\/en\/"},{"@type":"ListItem","position":2,"name":"The Musicians","item":"https:\/\/ensembletraversees.com\/en\/les-musiciens\/"},{"@type":"ListItem","position":3,"name":"Myriam Darm\u00e9"}]},{"@type":"WebSite","@id":"https:\/\/ensembletraversees.com\/en\/#website","url":"https:\/\/ensembletraversees.com\/en\/","name":"","description":"","potentialAction":[{"@type":"SearchAction","target":{"@type":"EntryPoint","urlTemplate":"https:\/\/ensembletraversees.com\/en\/?s={search_term_string}"},"query-input":{"@type":"PropertyValueSpecification","valueRequired":true,"valueName":"search_term_string"}}],"inLanguage":"en-US"}]}},"_links":{"self":[{"href":"https:\/\/ensembletraversees.com\/en\/wp-json\/wp\/v2\/pages\/1409"}],"collection":[{"href":"https:\/\/ensembletraversees.com\/en\/wp-json\/wp\/v2\/pages"}],"about":[{"href":"https:\/\/ensembletraversees.com\/en\/wp-json\/wp\/v2\/types\/page"}],"author":[{"embeddable":true,"href":"https:\/\/ensembletraversees.com\/en\/wp-json\/wp\/v2\/users\/1"}],"replies":[{"embeddable":true,"href":"https:\/\/ensembletraversees.com\/en\/wp-json\/wp\/v2\/comments?post=1409"}],"version-history":[{"count":12,"href":"https:\/\/ensembletraversees.com\/en\/wp-json\/wp\/v2\/pages\/1409\/revisions"}],"predecessor-version":[{"id":6566,"href":"https:\/\/ensembletraversees.com\/en\/wp-json\/wp\/v2\/pages\/1409\/revisions\/6566"}],"up":[{"embeddable":true,"href":"https:\/\/ensembletraversees.com\/en\/wp-json\/wp\/v2\/pages\/1287"}],"wp:attachment":[{"href":"https:\/\/ensembletraversees.com\/en\/wp-json\/wp\/v2\/media?parent=1409"}],"curies":[{"name":"wp","href":"https:\/\/api.w.org\/{rel}","templated":true}]}}