{"id":1260,"date":"2020-03-27T18:46:42","date_gmt":"2020-03-27T17:46:42","guid":{"rendered":"http:\/\/ensembletraversees.com\/about-traversees\/bassoon-trio\/"},"modified":"2025-10-24T00:07:52","modified_gmt":"2025-10-23T22:07:52","slug":"flute-bassoon-harp-trio","status":"publish","type":"page","link":"https:\/\/ensembletraversees.com\/en\/about\/flute-bassoon-harp-trio\/","title":{"rendered":"Bassoon Trio"},"content":{"rendered":"\t\t<div data-elementor-type=\"wp-page\" data-elementor-id=\"1260\" class=\"elementor elementor-1260 elementor-61\" data-elementor-settings=\"[]\">\n\t\t\t\t\t\t<div class=\"elementor-inner\">\n\t\t\t\t\t\t\t<div class=\"elementor-section-wrap\">\n\t\t\t\t\t\t\t<section class=\"elementor-section elementor-top-section elementor-element elementor-element-102e2b6c elementor-section-height-min-height elementor-section-boxed elementor-section-height-default elementor-section-items-middle\" data-id=\"102e2b6c\" data-element_type=\"section\" data-settings=\"{&quot;background_background&quot;:&quot;classic&quot;,&quot;shape_divider_bottom&quot;:&quot;waves&quot;}\">\n\t\t\t\t\t\t\t<div class=\"elementor-background-overlay\"><\/div>\n\t\t\t\t\t\t<div class=\"elementor-shape elementor-shape-bottom\" data-negative=\"false\">\n\t\t\t<svg xmlns=\"http:\/\/www.w3.org\/2000\/svg\" viewBox=\"0 0 1000 100\" preserveAspectRatio=\"none\">\n\t<path class=\"elementor-shape-fill\" d=\"M421.9,6.5c22.6-2.5,51.5,0.4,75.5,5.3c23.6,4.9,70.9,23.5,100.5,35.7c75.8,32.2,133.7,44.5,192.6,49.7\n\tc23.6,2.1,48.7,3.5,103.4-2.5c54.7-6,106.2-25.6,106.2-25.6V0H0v30.3c0,0,72,32.6,158.4,30.5c39.2-0.7,92.8-6.7,134-22.4\n\tc21.2-8.1,52.2-18.2,79.7-24.2C399.3,7.9,411.6,7.5,421.9,6.5z\"\/>\n<\/svg>\t\t<\/div>\n\t\t\t\t\t<div class=\"elementor-container elementor-column-gap-default\">\n\t\t\t\t\t\t\t<div class=\"elementor-row\">\n\t\t\t\t\t<div class=\"elementor-column elementor-col-100 elementor-top-column elementor-element elementor-element-4b60f069\" data-id=\"4b60f069\" data-element_type=\"column\">\n\t\t\t<div class=\"elementor-column-wrap\">\n\t\t\t\t\t\t\t<div class=\"elementor-widget-wrap\">\n\t\t\t\t\t\t\t\t<\/div>\n\t\t\t\t\t<\/div>\n\t\t<\/div>\n\t\t\t\t\t\t\t\t<\/div>\n\t\t\t\t\t<\/div>\n\t\t<\/section>\n\t\t\t\t<section class=\"elementor-section elementor-top-section elementor-element elementor-element-337f1e3 elementor-section-boxed elementor-section-height-default elementor-section-height-default\" data-id=\"337f1e3\" data-element_type=\"section\">\n\t\t\t\t\t\t<div class=\"elementor-container elementor-column-gap-default\">\n\t\t\t\t\t\t\t<div class=\"elementor-row\">\n\t\t\t\t\t<div class=\"elementor-column elementor-col-100 elementor-top-column elementor-element elementor-element-1febfe3\" data-id=\"1febfe3\" data-element_type=\"column\">\n\t\t\t<div class=\"elementor-column-wrap elementor-element-populated\">\n\t\t\t\t\t\t\t<div class=\"elementor-widget-wrap\">\n\t\t\t\t\t\t<div class=\"elementor-element elementor-element-6a87e45 elementor-widget elementor-widget-text-editor\" data-id=\"6a87e45\" data-element_type=\"widget\" data-widget_type=\"text-editor.default\">\n\t\t\t\t<div class=\"elementor-widget-container\">\n\t\t\t\t\t\t\t\t<div class=\"elementor-text-editor elementor-clearfix\">\n\t\t\t\t\t<p>Myriam Darm\u00e9, Frank Vassallucci et Maia Darm\u00e9 came together in 2019 to create a unique flute, bassoon and harp trio. From renaissance music to movie soundtracks through folk melodies, they make a strong case for the versatility of their instruments (two bassoons, five harps and thirty different flutes!). Classical masterpieces round up their repertoire, with the likes of Bach, Berlioz, Massenet, Jolivet and Bizet.<\/p>\n\t\t\t\t\t<\/div>\n\t\t\t\t\t\t<\/div>\n\t\t\t\t<\/div>\n\t\t\t\t<div class=\"elementor-element elementor-element-bbcca5c elementor-view-default elementor-widget elementor-widget-icon\" data-id=\"bbcca5c\" data-element_type=\"widget\" data-widget_type=\"icon.default\">\n\t\t\t\t<div class=\"elementor-widget-container\">\n\t\t\t\t\t<div class=\"elementor-icon-wrapper\">\n\t\t\t<div class=\"elementor-icon elementor-animation-grow\">\n\t\t\t<i aria-hidden=\"true\" class=\"fas fa-quote-left\"><\/i>\t\t\t<\/div>\n\t\t<\/div>\n\t\t\t\t<\/div>\n\t\t\t\t<\/div>\n\t\t\t\t<div class=\"elementor-element elementor-element-fa093f1 elementor-widget elementor-widget-text-editor\" data-id=\"fa093f1\" data-element_type=\"widget\" data-widget_type=\"text-editor.default\">\n\t\t\t\t<div class=\"elementor-widget-container\">\n\t\t\t\t\t\t\t\t<div class=\"elementor-text-editor elementor-clearfix\">\n\t\t\t\t\t<em>The trio\u2019s virtuosity, their arrangements in turn poignant and exuberant and the balance they found between the three timbres of their instruments prompted a standing ovation from the audience. <\/em>\r\n<\/p><p>\r\n<em>As the concert drew to an end, the musicians invited spectators to approach the stage if they wanted to take a closer look at the unusual instruments they had brought with them: baroque and classical bassoons, lever and pedal harps, flutes from around the world, transverse classical flutes and recorders from sopranino to bass. Quickly surrounded by curious concert-goers, they managed to answer all questions with humour and expertise. They provided insight into the making of their instruments, their surprising hidden mechanisms and all sorts of anecdotes on life as a classical musician.<\/em>\t\t\t\t\t<\/div>\n\t\t\t\t\t\t<\/div>\n\t\t\t\t<\/div>\n\t\t\t\t<div class=\"elementor-element elementor-element-e494c4f elementor-view-default elementor-widget elementor-widget-icon\" data-id=\"e494c4f\" data-element_type=\"widget\" data-widget_type=\"icon.default\">\n\t\t\t\t<div class=\"elementor-widget-container\">\n\t\t\t\t\t<div class=\"elementor-icon-wrapper\">\n\t\t\t<div class=\"elementor-icon elementor-animation-grow\">\n\t\t\t<i aria-hidden=\"true\" class=\"fas fa-quote-right\"><\/i>\t\t\t<\/div>\n\t\t<\/div>\n\t\t\t\t<\/div>\n\t\t\t\t<\/div>\n\t\t\t\t<div class=\"elementor-element elementor-element-f49c4fe elementor-widget elementor-widget-text-editor\" data-id=\"f49c4fe\" data-element_type=\"widget\" data-widget_type=\"text-editor.default\">\n\t\t\t\t<div class=\"elementor-widget-container\">\n\t\t\t\t\t\t\t\t<div class=\"elementor-text-editor elementor-clearfix\">\n\t\t\t\t\t<p>Sud-Ouest, 30.08.2019<\/p>\n\t\t\t\t\t<\/div>\n\t\t\t\t\t\t<\/div>\n\t\t\t\t<\/div>\n\t\t\t\t<div class=\"elementor-element elementor-element-913eec5 elementor-aspect-ratio-169 elementor-widget elementor-widget-video\" data-id=\"913eec5\" data-element_type=\"widget\" data-settings=\"{&quot;youtube_url&quot;:&quot;https:\\\/\\\/www.youtube.com\\\/watch?v=puwiFhNUjTI&quot;,&quot;show_image_overlay&quot;:&quot;yes&quot;,&quot;image_overlay&quot;:{&quot;url&quot;:&quot;https:\\\/\\\/ensembletraversees.com\\\/wp-content\\\/uploads\\\/2025\\\/10\\\/Menuet-Stradella-Ensemble-Traversees-recadre.jpg&quot;,&quot;id&quot;:7018},&quot;lightbox&quot;:&quot;yes&quot;,&quot;video_type&quot;:&quot;youtube&quot;,&quot;controls&quot;:&quot;yes&quot;,&quot;aspect_ratio&quot;:&quot;169&quot;}\" data-widget_type=\"video.default\">\n\t\t\t\t<div class=\"elementor-widget-container\">\n\t\t\t\t\t<div class=\"elementor-wrapper elementor-open-lightbox\">\n\t\t\t\t\t\t\t<div class=\"elementor-custom-embed-image-overlay\" data-elementor-open-lightbox=\"yes\" data-elementor-lightbox=\"{&quot;type&quot;:&quot;video&quot;,&quot;videoType&quot;:&quot;youtube&quot;,&quot;url&quot;:&quot;https:\\\/\\\/www.youtube.com\\\/embed\\\/puwiFhNUjTI?feature=oembed&amp;start&amp;end&amp;wmode=opaque&amp;loop=0&amp;controls=1&amp;mute=0&amp;rel=0&amp;modestbranding=0&quot;,&quot;modalOptions&quot;:{&quot;id&quot;:&quot;elementor-lightbox-913eec5&quot;,&quot;entranceAnimation&quot;:&quot;&quot;,&quot;entranceAnimation_tablet&quot;:&quot;&quot;,&quot;entranceAnimation_mobile&quot;:&quot;&quot;,&quot;videoAspectRatio&quot;:&quot;169&quot;}}\">\n\t\t\t\t\t\t\t\t\t\t\t<img loading=\"lazy\" decoding=\"async\" width=\"1600\" height=\"891\" src=\"https:\/\/ensembletraversees.com\/wp-content\/uploads\/2025\/10\/Menuet-Stradella-Ensemble-Traversees-recadre.jpg\" class=\"attachment-full size-full\" alt=\"\" srcset=\"https:\/\/ensembletraversees.com\/wp-content\/uploads\/2025\/10\/Menuet-Stradella-Ensemble-Traversees-recadre.jpg 1600w, https:\/\/ensembletraversees.com\/wp-content\/uploads\/2025\/10\/Menuet-Stradella-Ensemble-Traversees-recadre-300x167.jpg 300w, https:\/\/ensembletraversees.com\/wp-content\/uploads\/2025\/10\/Menuet-Stradella-Ensemble-Traversees-recadre-1024x570.jpg 1024w, https:\/\/ensembletraversees.com\/wp-content\/uploads\/2025\/10\/Menuet-Stradella-Ensemble-Traversees-recadre-768x428.jpg 768w, https:\/\/ensembletraversees.com\/wp-content\/uploads\/2025\/10\/Menuet-Stradella-Ensemble-Traversees-recadre-1536x855.jpg 1536w\" sizes=\"(max-width: 1600px) 100vw, 1600px\" \/>\t\t\t\t\t\t\t\t\t\t\t\t\t\t\t\t<div class=\"elementor-custom-embed-play\" role=\"button\">\n\t\t\t\t\t\t\t<i class=\"eicon-play\" aria-hidden=\"true\"><\/i>\n\t\t\t\t\t\t\t<span class=\"elementor-screen-only\">Play Video<\/span>\n\t\t\t\t\t\t<\/div>\n\t\t\t\t\t\t\t\t\t<\/div>\n\t\t\t\t\t<\/div>\n\t\t\t\t<\/div>\n\t\t\t\t<\/div>\n\t\t\t\t<div class=\"elementor-element elementor-element-c712ebf elementor-widget elementor-widget-text-editor\" data-id=\"c712ebf\" data-element_type=\"widget\" data-widget_type=\"text-editor.default\">\n\t\t\t\t<div class=\"elementor-widget-container\">\n\t\t\t\t\t\t\t\t<div class=\"elementor-text-editor elementor-clearfix\">\n\t\t\t\t\t<p>Myriam Darm\u00e9, Frank Vassallucci and Maia Darm\u00e9 were all classically trained at the best conservatoires and lead brilliant individual careers. <a href=\"https:\/\/ensembletraversees.com\/en\/the-musicians\/myriam-darme\/\">Myriam Darm\u00e9<\/a>, multi-instrumentalist flautist and show producer, is also a recognized pedagogue and author of numerous publications for her instrument. <a href=\"https:\/\/ensembletraversees.com\/en\/the-musicians\/frank-vassallucci\/\">Frank Vassallucci<\/a>, solo bassoon at the Orchestre de l\u2019Opera de Limoges, has played with the best French orchestras and teaches at the Limoges conservatoire, where he also serves as Head of Pedagogy. As for <a href=\"https:\/\/ensembletraversees.com\/en\/the-musicians\/maia-darme\/\">Maia Darm\u00e9<\/a>, she is a virtuoso soloist in demand on all continents, and tours the world as a classical harpist a well as performing on instruments ranging from electric to traditional harps.<\/p>\n\t\t\t\t\t<\/div>\n\t\t\t\t\t\t<\/div>\n\t\t\t\t<\/div>\n\t\t\t\t<section class=\"elementor-section elementor-inner-section elementor-element elementor-element-bd8ddba elementor-section-boxed elementor-section-height-default elementor-section-height-default\" data-id=\"bd8ddba\" data-element_type=\"section\">\n\t\t\t\t\t\t<div class=\"elementor-container elementor-column-gap-default\">\n\t\t\t\t\t\t\t<div class=\"elementor-row\">\n\t\t\t\t\t<div class=\"elementor-column elementor-col-50 elementor-inner-column elementor-element elementor-element-1b4ca97\" data-id=\"1b4ca97\" data-element_type=\"column\">\n\t\t\t<div class=\"elementor-column-wrap elementor-element-populated\">\n\t\t\t\t\t\t\t<div class=\"elementor-widget-wrap\">\n\t\t\t\t\t\t<div class=\"elementor-element elementor-element-d753c47 elementor-button-info elementor-align-center elementor-widget elementor-widget-button\" data-id=\"d753c47\" data-element_type=\"widget\" data-widget_type=\"button.default\">\n\t\t\t\t<div class=\"elementor-widget-container\">\n\t\t\t\t\t<div class=\"elementor-button-wrapper\">\n\t\t\t<a href=\"https:\/\/ensembletraversees.com\/en\/pro\/\" class=\"elementor-button-link elementor-button elementor-size-sm\" role=\"button\">\n\t\t\t\t\t\t<span class=\"elementor-button-content-wrapper\">\n\t\t\t\t\t\t<span class=\"elementor-button-icon elementor-align-icon-right\">\n\t\t\t\t<i aria-hidden=\"true\" class=\"fas fa-angle-right\"><\/i>\t\t\t<\/span>\n\t\t\t\t\t\t<span class=\"elementor-button-text\">More About the Trio<\/span>\n\t\t<\/span>\n\t\t\t\t\t<\/a>\n\t\t<\/div>\n\t\t\t\t<\/div>\n\t\t\t\t<\/div>\n\t\t\t\t\t\t<\/div>\n\t\t\t\t\t<\/div>\n\t\t<\/div>\n\t\t\t\t<div class=\"elementor-column elementor-col-50 elementor-inner-column elementor-element elementor-element-3c9a217\" data-id=\"3c9a217\" data-element_type=\"column\">\n\t\t\t<div class=\"elementor-column-wrap elementor-element-populated\">\n\t\t\t\t\t\t\t<div class=\"elementor-widget-wrap\">\n\t\t\t\t\t\t<div class=\"elementor-element elementor-element-bcd7b17 elementor-button-info elementor-align-center elementor-widget elementor-widget-button\" data-id=\"bcd7b17\" data-element_type=\"widget\" data-widget_type=\"button.default\">\n\t\t\t\t<div class=\"elementor-widget-container\">\n\t\t\t\t\t<div class=\"elementor-button-wrapper\">\n\t\t\t<a href=\"https:\/\/ensembletraversees.com\/en\/concerts\/\" class=\"elementor-button-link elementor-button elementor-size-sm\" role=\"button\">\n\t\t\t\t\t\t<span class=\"elementor-button-content-wrapper\">\n\t\t\t\t\t\t<span class=\"elementor-button-icon elementor-align-icon-right\">\n\t\t\t\t<i aria-hidden=\"true\" class=\"fas fa-angle-right\"><\/i>\t\t\t<\/span>\n\t\t\t\t\t\t<span class=\"elementor-button-text\">Upcoming Concerts<\/span>\n\t\t<\/span>\n\t\t\t\t\t<\/a>\n\t\t<\/div>\n\t\t\t\t<\/div>\n\t\t\t\t<\/div>\n\t\t\t\t\t\t<\/div>\n\t\t\t\t\t<\/div>\n\t\t<\/div>\n\t\t\t\t\t\t\t\t<\/div>\n\t\t\t\t\t<\/div>\n\t\t<\/section>\n\t\t\t\t\t\t<\/div>\n\t\t\t\t\t<\/div>\n\t\t<\/div>\n\t\t\t\t\t\t\t\t<\/div>\n\t\t\t\t\t<\/div>\n\t\t<\/section>\n\t\t\t\t\t\t<\/div>\n\t\t\t\t\t\t<\/div>\n\t\t\t\t\t<\/div>\n\t\t","protected":false},"excerpt":{"rendered":"<p>Myriam Darm\u00e9, Frank Vassallucci et Maia Darm\u00e9 came together in 2019 to create a unique flute, bassoon and harp trio. From renaissance music to movie soundtracks through folk melodies, they make a strong case for the versatility of their instruments (two bassoons, five harps and thirty different flutes!). Classical masterpieces round up their repertoire, with [&hellip;]<\/p>\n","protected":false},"author":1,"featured_media":0,"parent":1239,"menu_order":0,"comment_status":"closed","ping_status":"closed","template":"","meta":{"ocean_post_layout":"full-screen","ocean_both_sidebars_style":"","ocean_both_sidebars_content_width":0,"ocean_both_sidebars_sidebars_width":0,"ocean_sidebar":"0","ocean_second_sidebar":"0","ocean_disable_margins":"on","ocean_add_body_class":"","ocean_shortcode_before_top_bar":"","ocean_shortcode_after_top_bar":"","ocean_shortcode_before_header":"","ocean_shortcode_after_header":"","ocean_has_shortcode":"","ocean_shortcode_after_title":"","ocean_shortcode_before_footer_widgets":"","ocean_shortcode_after_footer_widgets":"","ocean_shortcode_before_footer_bottom":"","ocean_shortcode_after_footer_bottom":"","ocean_display_top_bar":"off","ocean_display_header":"default","ocean_header_style":"","ocean_center_header_left_menu":"0","ocean_custom_header_template":"0","ocean_custom_logo":0,"ocean_custom_retina_logo":0,"ocean_custom_logo_max_width":0,"ocean_custom_logo_tablet_max_width":0,"ocean_custom_logo_mobile_max_width":0,"ocean_custom_logo_max_height":0,"ocean_custom_logo_tablet_max_height":0,"ocean_custom_logo_mobile_max_height":0,"ocean_header_custom_menu":"0","ocean_menu_typo_font_family":"0","ocean_menu_typo_font_subset":"","ocean_menu_typo_font_size":0,"ocean_menu_typo_font_size_tablet":0,"ocean_menu_typo_font_size_mobile":0,"ocean_menu_typo_font_size_unit":"px","ocean_menu_typo_font_weight":"","ocean_menu_typo_font_weight_tablet":"","ocean_menu_typo_font_weight_mobile":"","ocean_menu_typo_transform":"","ocean_menu_typo_transform_tablet":"","ocean_menu_typo_transform_mobile":"","ocean_menu_typo_line_height":0,"ocean_menu_typo_line_height_tablet":0,"ocean_menu_typo_line_height_mobile":0,"ocean_menu_typo_line_height_unit":"","ocean_menu_typo_spacing":0,"ocean_menu_typo_spacing_tablet":0,"ocean_menu_typo_spacing_mobile":0,"ocean_menu_typo_spacing_unit":"","ocean_menu_link_color":"","ocean_menu_link_color_hover":"","ocean_menu_link_color_active":"","ocean_menu_link_background":"","ocean_menu_link_hover_background":"","ocean_menu_link_active_background":"","ocean_menu_social_links_bg":"","ocean_menu_social_hover_links_bg":"","ocean_menu_social_links_color":"","ocean_menu_social_hover_links_color":"","ocean_disable_title":"on","ocean_disable_heading":"default","ocean_post_title":"","ocean_post_subheading":"","ocean_post_title_style":"","ocean_post_title_background_color":"","ocean_post_title_background":0,"ocean_post_title_bg_image_position":"","ocean_post_title_bg_image_attachment":"","ocean_post_title_bg_image_repeat":"","ocean_post_title_bg_image_size":"","ocean_post_title_height":0,"ocean_post_title_bg_overlay":0.5,"ocean_post_title_bg_overlay_color":"","ocean_disable_breadcrumbs":"default","ocean_breadcrumbs_color":"","ocean_breadcrumbs_separator_color":"","ocean_breadcrumbs_links_color":"","ocean_breadcrumbs_links_hover_color":"","ocean_display_footer_widgets":"off","ocean_display_footer_bottom":"default","ocean_custom_footer_template":"0","footnotes":""},"class_list":["post-1260","page","type-page","status-publish","hentry","entry"],"yoast_head":"<!-- This site is optimized with the Yoast SEO plugin v23.4 - https:\/\/yoast.com\/wordpress\/plugins\/seo\/ -->\n<title>Ensemble Travers\u00e9es - Flute, Bassoon &amp; Harp Trio<\/title>\n<meta name=\"description\" content=\"Flautist Myriam Darm\u00e9, bassoonist Frank Vassallucci and harpist Maia Darm\u00e9 form an exceptional chamber music trio combining flute, fagott and harp. Classical music and personal arrangements.\" \/>\n<meta name=\"robots\" content=\"index, follow, max-snippet:-1, max-image-preview:large, max-video-preview:-1\" \/>\n<link rel=\"canonical\" href=\"https:\/\/ensembletraversees.com\/en\/about\/flute-bassoon-harp-trio\/\" \/>\n<meta property=\"og:locale\" content=\"en_US\" \/>\n<meta property=\"og:type\" content=\"article\" \/>\n<meta property=\"og:title\" content=\"Ensemble Travers\u00e9es - Flute, Bassoon &amp; Harp Trio\" \/>\n<meta property=\"og:description\" content=\"Flautist Myriam Darm\u00e9, bassoonist Frank Vassallucci and harpist Maia Darm\u00e9 form an exceptional chamber music trio combining flute, fagott and harp. Classical music and personal arrangements.\" \/>\n<meta property=\"og:url\" content=\"https:\/\/ensembletraversees.com\/en\/about\/flute-bassoon-harp-trio\/\" \/>\n<meta property=\"article:publisher\" content=\"https:\/\/www.facebook.com\/Harpkanun\/\" \/>\n<meta property=\"article:modified_time\" content=\"2025-10-23T22:07:52+00:00\" \/>\n<meta property=\"og:image\" content=\"https:\/\/ensembletraversees.com\/wp-content\/uploads\/2020\/03\/Traverse\u0301es-Maia-Darme\u0301-Myriam-Darme\u0301-2-cImage-libre-de-droits.jpg\" \/>\n\t<meta property=\"og:image:width\" content=\"2000\" \/>\n\t<meta property=\"og:image:height\" content=\"1209\" \/>\n\t<meta property=\"og:image:type\" content=\"image\/jpeg\" \/>\n<meta name=\"twitter:card\" content=\"summary_large_image\" \/>\n<meta name=\"twitter:label1\" content=\"Est. reading time\" \/>\n\t<meta name=\"twitter:data1\" content=\"2 minutes\" \/>\n<script type=\"application\/ld+json\" class=\"yoast-schema-graph\">{\"@context\":\"https:\/\/schema.org\",\"@graph\":[{\"@type\":\"WebPage\",\"@id\":\"https:\/\/ensembletraversees.com\/en\/about\/flute-bassoon-harp-trio\/\",\"url\":\"https:\/\/ensembletraversees.com\/en\/about\/flute-bassoon-harp-trio\/\",\"name\":\"Ensemble Travers\u00e9es - Flute, Bassoon & Harp Trio\",\"isPartOf\":{\"@id\":\"https:\/\/ensembletraversees.com\/en\/#website\"},\"datePublished\":\"2020-03-27T17:46:42+00:00\",\"dateModified\":\"2025-10-23T22:07:52+00:00\",\"description\":\"Flautist Myriam Darm\u00e9, bassoonist Frank Vassallucci and harpist Maia Darm\u00e9 form an exceptional chamber music trio combining flute, fagott and harp. Classical music and personal arrangements.\",\"breadcrumb\":{\"@id\":\"https:\/\/ensembletraversees.com\/en\/about\/flute-bassoon-harp-trio\/#breadcrumb\"},\"inLanguage\":\"en-US\",\"potentialAction\":[{\"@type\":\"ReadAction\",\"target\":[\"https:\/\/ensembletraversees.com\/en\/about\/flute-bassoon-harp-trio\/\"]}]},{\"@type\":\"BreadcrumbList\",\"@id\":\"https:\/\/ensembletraversees.com\/en\/about\/flute-bassoon-harp-trio\/#breadcrumb\",\"itemListElement\":[{\"@type\":\"ListItem\",\"position\":1,\"name\":\"Accueil\",\"item\":\"https:\/\/ensembletraversees.com\/en\/\"},{\"@type\":\"ListItem\",\"position\":2,\"name\":\"About Travers\u00e9es\",\"item\":\"https:\/\/ensembletraversees.com\/en\/a-propos\/\"},{\"@type\":\"ListItem\",\"position\":3,\"name\":\"Bassoon Trio\"}]},{\"@type\":\"WebSite\",\"@id\":\"https:\/\/ensembletraversees.com\/en\/#website\",\"url\":\"https:\/\/ensembletraversees.com\/en\/\",\"name\":\"\",\"description\":\"\",\"potentialAction\":[{\"@type\":\"SearchAction\",\"target\":{\"@type\":\"EntryPoint\",\"urlTemplate\":\"https:\/\/ensembletraversees.com\/en\/?s={search_term_string}\"},\"query-input\":{\"@type\":\"PropertyValueSpecification\",\"valueRequired\":true,\"valueName\":\"search_term_string\"}}],\"inLanguage\":\"en-US\"}]}<\/script>\n<!-- \/ Yoast SEO plugin. -->","yoast_head_json":{"title":"Ensemble Travers\u00e9es - Flute, Bassoon & Harp Trio","description":"Flautist Myriam Darm\u00e9, bassoonist Frank Vassallucci and harpist Maia Darm\u00e9 form an exceptional chamber music trio combining flute, fagott and harp. Classical music and personal arrangements.","robots":{"index":"index","follow":"follow","max-snippet":"max-snippet:-1","max-image-preview":"max-image-preview:large","max-video-preview":"max-video-preview:-1"},"canonical":"https:\/\/ensembletraversees.com\/en\/about\/flute-bassoon-harp-trio\/","og_locale":"en_US","og_type":"article","og_title":"Ensemble Travers\u00e9es - Flute, Bassoon & Harp Trio","og_description":"Flautist Myriam Darm\u00e9, bassoonist Frank Vassallucci and harpist Maia Darm\u00e9 form an exceptional chamber music trio combining flute, fagott and harp. Classical music and personal arrangements.","og_url":"https:\/\/ensembletraversees.com\/en\/about\/flute-bassoon-harp-trio\/","article_publisher":"https:\/\/www.facebook.com\/Harpkanun\/","article_modified_time":"2025-10-23T22:07:52+00:00","og_image":[{"width":2000,"height":1209,"url":"https:\/\/ensembletraversees.com\/wp-content\/uploads\/2020\/03\/Traverse\u0301es-Maia-Darme\u0301-Myriam-Darme\u0301-2-cImage-libre-de-droits.jpg","type":"image\/jpeg"}],"twitter_card":"summary_large_image","twitter_misc":{"Est. reading time":"2 minutes"},"schema":{"@context":"https:\/\/schema.org","@graph":[{"@type":"WebPage","@id":"https:\/\/ensembletraversees.com\/en\/about\/flute-bassoon-harp-trio\/","url":"https:\/\/ensembletraversees.com\/en\/about\/flute-bassoon-harp-trio\/","name":"Ensemble Travers\u00e9es - Flute, Bassoon & Harp Trio","isPartOf":{"@id":"https:\/\/ensembletraversees.com\/en\/#website"},"datePublished":"2020-03-27T17:46:42+00:00","dateModified":"2025-10-23T22:07:52+00:00","description":"Flautist Myriam Darm\u00e9, bassoonist Frank Vassallucci and harpist Maia Darm\u00e9 form an exceptional chamber music trio combining flute, fagott and harp. Classical music and personal arrangements.","breadcrumb":{"@id":"https:\/\/ensembletraversees.com\/en\/about\/flute-bassoon-harp-trio\/#breadcrumb"},"inLanguage":"en-US","potentialAction":[{"@type":"ReadAction","target":["https:\/\/ensembletraversees.com\/en\/about\/flute-bassoon-harp-trio\/"]}]},{"@type":"BreadcrumbList","@id":"https:\/\/ensembletraversees.com\/en\/about\/flute-bassoon-harp-trio\/#breadcrumb","itemListElement":[{"@type":"ListItem","position":1,"name":"Accueil","item":"https:\/\/ensembletraversees.com\/en\/"},{"@type":"ListItem","position":2,"name":"About Travers\u00e9es","item":"https:\/\/ensembletraversees.com\/en\/a-propos\/"},{"@type":"ListItem","position":3,"name":"Bassoon Trio"}]},{"@type":"WebSite","@id":"https:\/\/ensembletraversees.com\/en\/#website","url":"https:\/\/ensembletraversees.com\/en\/","name":"","description":"","potentialAction":[{"@type":"SearchAction","target":{"@type":"EntryPoint","urlTemplate":"https:\/\/ensembletraversees.com\/en\/?s={search_term_string}"},"query-input":{"@type":"PropertyValueSpecification","valueRequired":true,"valueName":"search_term_string"}}],"inLanguage":"en-US"}]}},"_links":{"self":[{"href":"https:\/\/ensembletraversees.com\/en\/wp-json\/wp\/v2\/pages\/1260"}],"collection":[{"href":"https:\/\/ensembletraversees.com\/en\/wp-json\/wp\/v2\/pages"}],"about":[{"href":"https:\/\/ensembletraversees.com\/en\/wp-json\/wp\/v2\/types\/page"}],"author":[{"embeddable":true,"href":"https:\/\/ensembletraversees.com\/en\/wp-json\/wp\/v2\/users\/1"}],"replies":[{"embeddable":true,"href":"https:\/\/ensembletraversees.com\/en\/wp-json\/wp\/v2\/comments?post=1260"}],"version-history":[{"count":36,"href":"https:\/\/ensembletraversees.com\/en\/wp-json\/wp\/v2\/pages\/1260\/revisions"}],"predecessor-version":[{"id":7125,"href":"https:\/\/ensembletraversees.com\/en\/wp-json\/wp\/v2\/pages\/1260\/revisions\/7125"}],"up":[{"embeddable":true,"href":"https:\/\/ensembletraversees.com\/en\/wp-json\/wp\/v2\/pages\/1239"}],"wp:attachment":[{"href":"https:\/\/ensembletraversees.com\/en\/wp-json\/wp\/v2\/media?parent=1260"}],"curies":[{"name":"wp","href":"https:\/\/api.w.org\/{rel}","templated":true}]}}